{"id":8,"date":"2021-12-17T09:06:27","date_gmt":"2021-12-17T08:06:27","guid":{"rendered":"https:\/\/riversea.pl\/?page_id=8"},"modified":"2025-10-25T23:51:12","modified_gmt":"2025-10-25T21:51:12","slug":"o-nas","status":"publish","type":"page","link":"https:\/\/villamodiva.com\/en\/","title":{"rendered":"About"},"content":{"rendered":"","protected":false},"excerpt":{"rendered":"","protected":false},"author":3,"featured_media":1438,"parent":0,"menu_order":0,"comment_status":"closed","ping_status":"closed","template":"","meta":{"_acf_changed":false,"footnotes":""},"class_list":["post-8","page","type-page","status-publish","has-post-thumbnail","hentry"],"acf":[],"yoast_head":"<!-- This site is optimized with the Yoast SEO plugin v26.8 - https:\/\/yoast.com\/product\/yoast-seo-wordpress\/ -->\n<title>O nas - Villa Modiva - Sztuka wypoczynku<\/title>\n<meta name=\"description\" content=\"Zapraszamy do poznania Villa Modiva - zabytkowej willi oferuj\u0105cej pokoje z wy\u017cywieniem w Mi\u0119dzyzdrojach. Zapraszamy na wypoczynek nad morzem!\" \/>\n<meta name=\"robots\" content=\"index, follow, max-snippet:-1, max-image-preview:large, max-video-preview:-1\" \/>\n<link rel=\"canonical\" href=\"https:\/\/villamodiva.com\/en\/\" \/>\n<meta property=\"og:locale\" content=\"en_GB\" \/>\n<meta property=\"og:type\" content=\"article\" \/>\n<meta property=\"og:title\" content=\"O nas - Villa Modiva - Sztuka wypoczynku\" \/>\n<meta property=\"og:description\" content=\"Zapraszamy do poznania Villa Modiva - zabytkowej willi oferuj\u0105cej pokoje z wy\u017cywieniem w Mi\u0119dzyzdrojach. Zapraszamy na wypoczynek nad morzem!\" \/>\n<meta property=\"og:url\" content=\"https:\/\/villamodiva.com\/en\/\" \/>\n<meta property=\"og:site_name\" content=\"Villa Modiva\" \/>\n<meta property=\"article:modified_time\" content=\"2025-10-25T21:51:12+00:00\" \/>\n<meta property=\"og:image\" content=\"https:\/\/villamodiva.com\/wp-content\/uploads\/2024\/06\/Villa-Modiva-w-Miedzyzdrojach.webp\" \/>\n\t<meta property=\"og:image:width\" content=\"1382\" \/>\n\t<meta property=\"og:image:height\" content=\"922\" \/>\n\t<meta property=\"og:image:type\" content=\"image\/webp\" \/>\n<meta name=\"twitter:card\" content=\"summary_large_image\" \/>\n<meta name=\"twitter:title\" content=\"River Sea Apartamenty\" \/>\n<meta name=\"twitter:description\" content=\"Riversea apartamenty to nowoczesne apartamenty o wysokim standardzie i wyj\u0105tkowym klimacie. Tworzone s\u0105 z dusz\u0105 i pasj\u0105 tak, aby ka\u017cdy Go\u015b\u0107 czu\u0142 si\u0119 wyj\u0105tkowo. W naszych dw\u00f3ch miejscowo\u015bciach pomorza zachodniego , w jakich znajduj\u0105 si\u0119 apartamenty, ka\u017cdy znajdzie co\u015b dla siebie. Oferujemy nocleg w znakomitej lokalizacji sk\u0105d jest bardzo blisko do szerokich pla\u017c, wody, teren\u00f3w zielonych czy centrum.\" \/>\n<meta name=\"twitter:label1\" content=\"Estimated reading time\" \/>\n\t<meta name=\"twitter:data1\" content=\"4 minutes\" \/>\n<script type=\"application\/ld+json\" class=\"yoast-schema-graph\">{\"@context\":\"https:\/\/schema.org\",\"@graph\":[{\"@type\":\"WebPage\",\"@id\":\"https:\/\/villamodiva.com\/\",\"url\":\"https:\/\/villamodiva.com\/\",\"name\":\"O nas - Villa Modiva - Sztuka wypoczynku\",\"isPartOf\":{\"@id\":\"https:\/\/villamodiva.com\/#website\"},\"primaryImageOfPage\":{\"@id\":\"https:\/\/villamodiva.com\/#primaryimage\"},\"image\":{\"@id\":\"https:\/\/villamodiva.com\/#primaryimage\"},\"thumbnailUrl\":\"https:\/\/villamodiva.com\/wp-content\/uploads\/2024\/06\/Villa-Modiva-w-Miedzyzdrojach.webp\",\"datePublished\":\"2021-12-17T08:06:27+00:00\",\"dateModified\":\"2025-10-25T21:51:12+00:00\",\"description\":\"Zapraszamy do poznania Villa Modiva - zabytkowej willi oferuj\u0105cej pokoje z wy\u017cywieniem w Mi\u0119dzyzdrojach. Zapraszamy na wypoczynek nad morzem!\",\"breadcrumb\":{\"@id\":\"https:\/\/villamodiva.com\/#breadcrumb\"},\"inLanguage\":\"en-GB\",\"potentialAction\":[{\"@type\":\"ReadAction\",\"target\":[\"https:\/\/villamodiva.com\/\"]}]},{\"@type\":\"ImageObject\",\"inLanguage\":\"en-GB\",\"@id\":\"https:\/\/villamodiva.com\/#primaryimage\",\"url\":\"https:\/\/villamodiva.com\/wp-content\/uploads\/2024\/06\/Villa-Modiva-w-Miedzyzdrojach.webp\",\"contentUrl\":\"https:\/\/villamodiva.com\/wp-content\/uploads\/2024\/06\/Villa-Modiva-w-Miedzyzdrojach.webp\",\"width\":1382,\"height\":922},{\"@type\":\"BreadcrumbList\",\"@id\":\"https:\/\/villamodiva.com\/#breadcrumb\",\"itemListElement\":[{\"@type\":\"ListItem\",\"position\":1,\"name\":\"Strona g\u0142\u00f3wna\",\"item\":\"https:\/\/villamodiva.com\/\"},{\"@type\":\"ListItem\",\"position\":2,\"name\":\"O nas\"}]},{\"@type\":\"WebSite\",\"@id\":\"https:\/\/villamodiva.com\/#website\",\"url\":\"https:\/\/villamodiva.com\/\",\"name\":\"Villa Modiva\",\"description\":\"Sztuka wypoczynku\",\"publisher\":{\"@id\":\"https:\/\/villamodiva.com\/#organization\"},\"potentialAction\":[{\"@type\":\"SearchAction\",\"target\":{\"@type\":\"EntryPoint\",\"urlTemplate\":\"https:\/\/villamodiva.com\/?s={search_term_string}\"},\"query-input\":{\"@type\":\"PropertyValueSpecification\",\"valueRequired\":true,\"valueName\":\"search_term_string\"}}],\"inLanguage\":\"en-GB\"},{\"@type\":\"Organization\",\"@id\":\"https:\/\/villamodiva.com\/#organization\",\"name\":\"Villa Modiva\",\"url\":\"https:\/\/villamodiva.com\/\",\"logo\":{\"@type\":\"ImageObject\",\"inLanguage\":\"en-GB\",\"@id\":\"https:\/\/villamodiva.com\/#\/schema\/logo\/image\/\",\"url\":\"\",\"contentUrl\":\"\",\"caption\":\"Villa Modiva\"},\"image\":{\"@id\":\"https:\/\/villamodiva.com\/#\/schema\/logo\/image\/\"}}]}<\/script>\n<!-- \/ Yoast SEO plugin. -->","yoast_head_json":{"title":"O nas - Villa Modiva - Sztuka wypoczynku","description":"Zapraszamy do poznania Villa Modiva - zabytkowej willi oferuj\u0105cej pokoje z wy\u017cywieniem w Mi\u0119dzyzdrojach. Zapraszamy na wypoczynek nad morzem!","robots":{"index":"index","follow":"follow","max-snippet":"max-snippet:-1","max-image-preview":"max-image-preview:large","max-video-preview":"max-video-preview:-1"},"canonical":"https:\/\/villamodiva.com\/en\/","og_locale":"en_GB","og_type":"article","og_title":"O nas - Villa Modiva - Sztuka wypoczynku","og_description":"Zapraszamy do poznania Villa Modiva - zabytkowej willi oferuj\u0105cej pokoje z wy\u017cywieniem w Mi\u0119dzyzdrojach. Zapraszamy na wypoczynek nad morzem!","og_url":"https:\/\/villamodiva.com\/en\/","og_site_name":"Villa Modiva","article_modified_time":"2025-10-25T21:51:12+00:00","og_image":[{"width":1382,"height":922,"url":"https:\/\/villamodiva.com\/wp-content\/uploads\/2024\/06\/Villa-Modiva-w-Miedzyzdrojach.webp","type":"image\/webp"}],"twitter_card":"summary_large_image","twitter_title":"River Sea Apartamenty","twitter_description":"Riversea apartamenty to nowoczesne apartamenty o wysokim standardzie i wyj\u0105tkowym klimacie. Tworzone s\u0105 z dusz\u0105 i pasj\u0105 tak, aby ka\u017cdy Go\u015b\u0107 czu\u0142 si\u0119 wyj\u0105tkowo. W naszych dw\u00f3ch miejscowo\u015bciach pomorza zachodniego , w jakich znajduj\u0105 si\u0119 apartamenty, ka\u017cdy znajdzie co\u015b dla siebie. Oferujemy nocleg w znakomitej lokalizacji sk\u0105d jest bardzo blisko do szerokich pla\u017c, wody, teren\u00f3w zielonych czy centrum.","twitter_misc":{"Estimated reading time":"4 minutes"},"schema":{"@context":"https:\/\/schema.org","@graph":[{"@type":"WebPage","@id":"https:\/\/villamodiva.com\/","url":"https:\/\/villamodiva.com\/","name":"O nas - Villa Modiva - Sztuka wypoczynku","isPartOf":{"@id":"https:\/\/villamodiva.com\/#website"},"primaryImageOfPage":{"@id":"https:\/\/villamodiva.com\/#primaryimage"},"image":{"@id":"https:\/\/villamodiva.com\/#primaryimage"},"thumbnailUrl":"https:\/\/villamodiva.com\/wp-content\/uploads\/2024\/06\/Villa-Modiva-w-Miedzyzdrojach.webp","datePublished":"2021-12-17T08:06:27+00:00","dateModified":"2025-10-25T21:51:12+00:00","description":"Zapraszamy do poznania Villa Modiva - zabytkowej willi oferuj\u0105cej pokoje z wy\u017cywieniem w Mi\u0119dzyzdrojach. Zapraszamy na wypoczynek nad morzem!","breadcrumb":{"@id":"https:\/\/villamodiva.com\/#breadcrumb"},"inLanguage":"en-GB","potentialAction":[{"@type":"ReadAction","target":["https:\/\/villamodiva.com\/"]}]},{"@type":"ImageObject","inLanguage":"en-GB","@id":"https:\/\/villamodiva.com\/#primaryimage","url":"https:\/\/villamodiva.com\/wp-content\/uploads\/2024\/06\/Villa-Modiva-w-Miedzyzdrojach.webp","contentUrl":"https:\/\/villamodiva.com\/wp-content\/uploads\/2024\/06\/Villa-Modiva-w-Miedzyzdrojach.webp","width":1382,"height":922},{"@type":"BreadcrumbList","@id":"https:\/\/villamodiva.com\/#breadcrumb","itemListElement":[{"@type":"ListItem","position":1,"name":"Strona g\u0142\u00f3wna","item":"https:\/\/villamodiva.com\/"},{"@type":"ListItem","position":2,"name":"O nas"}]},{"@type":"WebSite","@id":"https:\/\/villamodiva.com\/#website","url":"https:\/\/villamodiva.com\/","name":"Villa Modiva","description":"Sztuka wypoczynku","publisher":{"@id":"https:\/\/villamodiva.com\/#organization"},"potentialAction":[{"@type":"SearchAction","target":{"@type":"EntryPoint","urlTemplate":"https:\/\/villamodiva.com\/?s={search_term_string}"},"query-input":{"@type":"PropertyValueSpecification","valueRequired":true,"valueName":"search_term_string"}}],"inLanguage":"en-GB"},{"@type":"Organization","@id":"https:\/\/villamodiva.com\/#organization","name":"Villa Modiva","url":"https:\/\/villamodiva.com\/","logo":{"@type":"ImageObject","inLanguage":"en-GB","@id":"https:\/\/villamodiva.com\/#\/schema\/logo\/image\/","url":"","contentUrl":"","caption":"Villa Modiva"},"image":{"@id":"https:\/\/villamodiva.com\/#\/schema\/logo\/image\/"}}]}},"_links":{"self":[{"href":"https:\/\/villamodiva.com\/en\/wp-json\/wp\/v2\/pages\/8","targetHints":{"allow":["GET"]}}],"collection":[{"href":"https:\/\/villamodiva.com\/en\/wp-json\/wp\/v2\/pages"}],"about":[{"href":"https:\/\/villamodiva.com\/en\/wp-json\/wp\/v2\/types\/page"}],"author":[{"embeddable":true,"href":"https:\/\/villamodiva.com\/en\/wp-json\/wp\/v2\/users\/3"}],"replies":[{"embeddable":true,"href":"https:\/\/villamodiva.com\/en\/wp-json\/wp\/v2\/comments?post=8"}],"version-history":[{"count":164,"href":"https:\/\/villamodiva.com\/en\/wp-json\/wp\/v2\/pages\/8\/revisions"}],"predecessor-version":[{"id":1616,"href":"https:\/\/villamodiva.com\/en\/wp-json\/wp\/v2\/pages\/8\/revisions\/1616"}],"wp:featuredmedia":[{"embeddable":true,"href":"https:\/\/villamodiva.com\/en\/wp-json\/wp\/v2\/media\/1438"}],"wp:attachment":[{"href":"https:\/\/villamodiva.com\/en\/wp-json\/wp\/v2\/media?parent=8"}],"curies":[{"name":"wp","href":"https:\/\/api.w.org\/{rel}","templated":true}]}}