{"id":16,"date":"2021-12-20T08:27:08","date_gmt":"2021-12-20T07:27:08","guid":{"rendered":"https:\/\/riversea.pl\/?page_id=16"},"modified":"2024-09-20T09:21:25","modified_gmt":"2024-09-20T07:21:25","slug":"galeria","status":"publish","type":"page","link":"https:\/\/villamodiva.com\/en\/galeria\/","title":{"rendered":"Gallery"},"content":{"rendered":"","protected":false},"excerpt":{"rendered":"","protected":false},"author":3,"featured_media":0,"parent":0,"menu_order":0,"comment_status":"closed","ping_status":"closed","template":"","meta":{"_acf_changed":false,"footnotes":""},"class_list":["post-16","page","type-page","status-publish","hentry"],"acf":[],"yoast_head":"<!-- This site is optimized with the Yoast SEO plugin v26.8 - https:\/\/yoast.com\/product\/yoast-seo-wordpress\/ -->\n<title>Galeria - Villa Modiva - Sztuka wypoczynku<\/title>\n<meta name=\"description\" content=\"Zobacz galeri\u0119 zdj\u0119\u0107 Villa Modiva i odkryj pi\u0119kno naszego pensjonatu. Stylowe wn\u0119trza, malownicze widoki i idealna lokalizacja blisko pla\u017cy w Mi\u0119dzyzdrojach.\" \/>\n<meta name=\"robots\" content=\"index, follow, max-snippet:-1, max-image-preview:large, max-video-preview:-1\" \/>\n<link rel=\"canonical\" href=\"https:\/\/villamodiva.com\/en\/galeria\/\" \/>\n<meta property=\"og:locale\" content=\"en_GB\" \/>\n<meta property=\"og:type\" content=\"article\" \/>\n<meta property=\"og:title\" content=\"Galeria - Villa Modiva - Sztuka wypoczynku\" \/>\n<meta property=\"og:description\" content=\"Zobacz galeri\u0119 zdj\u0119\u0107 Villa Modiva i odkryj pi\u0119kno naszego pensjonatu. Stylowe wn\u0119trza, malownicze widoki i idealna lokalizacja blisko pla\u017cy w Mi\u0119dzyzdrojach.\" \/>\n<meta property=\"og:url\" content=\"https:\/\/villamodiva.com\/en\/galeria\/\" \/>\n<meta property=\"og:site_name\" content=\"Villa Modiva\" \/>\n<meta property=\"article:modified_time\" content=\"2024-09-20T07:21:25+00:00\" \/>\n<meta name=\"twitter:card\" content=\"summary_large_image\" \/>\n<meta name=\"twitter:label1\" content=\"Estimated reading time\" \/>\n\t<meta name=\"twitter:data1\" content=\"1 minute\" \/>\n<script type=\"application\/ld+json\" class=\"yoast-schema-graph\">{\"@context\":\"https:\/\/schema.org\",\"@graph\":[{\"@type\":\"WebPage\",\"@id\":\"https:\/\/villamodiva.com\/galeria\/\",\"url\":\"https:\/\/villamodiva.com\/galeria\/\",\"name\":\"Galeria - Villa Modiva - Sztuka wypoczynku\",\"isPartOf\":{\"@id\":\"https:\/\/villamodiva.com\/#website\"},\"datePublished\":\"2021-12-20T07:27:08+00:00\",\"dateModified\":\"2024-09-20T07:21:25+00:00\",\"description\":\"Zobacz galeri\u0119 zdj\u0119\u0107 Villa Modiva i odkryj pi\u0119kno naszego pensjonatu. Stylowe wn\u0119trza, malownicze widoki i idealna lokalizacja blisko pla\u017cy w Mi\u0119dzyzdrojach.\",\"breadcrumb\":{\"@id\":\"https:\/\/villamodiva.com\/galeria\/#breadcrumb\"},\"inLanguage\":\"en-GB\",\"potentialAction\":[{\"@type\":\"ReadAction\",\"target\":[\"https:\/\/villamodiva.com\/galeria\/\"]}]},{\"@type\":\"BreadcrumbList\",\"@id\":\"https:\/\/villamodiva.com\/galeria\/#breadcrumb\",\"itemListElement\":[{\"@type\":\"ListItem\",\"position\":1,\"name\":\"Strona g\u0142\u00f3wna\",\"item\":\"https:\/\/villamodiva.com\/\"},{\"@type\":\"ListItem\",\"position\":2,\"name\":\"Galeria\"}]},{\"@type\":\"WebSite\",\"@id\":\"https:\/\/villamodiva.com\/#website\",\"url\":\"https:\/\/villamodiva.com\/\",\"name\":\"Villa Modiva\",\"description\":\"Sztuka wypoczynku\",\"publisher\":{\"@id\":\"https:\/\/villamodiva.com\/#organization\"},\"potentialAction\":[{\"@type\":\"SearchAction\",\"target\":{\"@type\":\"EntryPoint\",\"urlTemplate\":\"https:\/\/villamodiva.com\/?s={search_term_string}\"},\"query-input\":{\"@type\":\"PropertyValueSpecification\",\"valueRequired\":true,\"valueName\":\"search_term_string\"}}],\"inLanguage\":\"en-GB\"},{\"@type\":\"Organization\",\"@id\":\"https:\/\/villamodiva.com\/#organization\",\"name\":\"Villa Modiva\",\"url\":\"https:\/\/villamodiva.com\/\",\"logo\":{\"@type\":\"ImageObject\",\"inLanguage\":\"en-GB\",\"@id\":\"https:\/\/villamodiva.com\/#\/schema\/logo\/image\/\",\"url\":\"\",\"contentUrl\":\"\",\"caption\":\"Villa Modiva\"},\"image\":{\"@id\":\"https:\/\/villamodiva.com\/#\/schema\/logo\/image\/\"}}]}<\/script>\n<!-- \/ Yoast SEO plugin. -->","yoast_head_json":{"title":"Galeria - Villa Modiva - Sztuka wypoczynku","description":"Zobacz galeri\u0119 zdj\u0119\u0107 Villa Modiva i odkryj pi\u0119kno naszego pensjonatu. Stylowe wn\u0119trza, malownicze widoki i idealna lokalizacja blisko pla\u017cy w Mi\u0119dzyzdrojach.","robots":{"index":"index","follow":"follow","max-snippet":"max-snippet:-1","max-image-preview":"max-image-preview:large","max-video-preview":"max-video-preview:-1"},"canonical":"https:\/\/villamodiva.com\/en\/galeria\/","og_locale":"en_GB","og_type":"article","og_title":"Galeria - Villa Modiva - Sztuka wypoczynku","og_description":"Zobacz galeri\u0119 zdj\u0119\u0107 Villa Modiva i odkryj pi\u0119kno naszego pensjonatu. Stylowe wn\u0119trza, malownicze widoki i idealna lokalizacja blisko pla\u017cy w Mi\u0119dzyzdrojach.","og_url":"https:\/\/villamodiva.com\/en\/galeria\/","og_site_name":"Villa Modiva","article_modified_time":"2024-09-20T07:21:25+00:00","twitter_card":"summary_large_image","twitter_misc":{"Estimated reading time":"1 minute"},"schema":{"@context":"https:\/\/schema.org","@graph":[{"@type":"WebPage","@id":"https:\/\/villamodiva.com\/galeria\/","url":"https:\/\/villamodiva.com\/galeria\/","name":"Galeria - Villa Modiva - Sztuka wypoczynku","isPartOf":{"@id":"https:\/\/villamodiva.com\/#website"},"datePublished":"2021-12-20T07:27:08+00:00","dateModified":"2024-09-20T07:21:25+00:00","description":"Zobacz galeri\u0119 zdj\u0119\u0107 Villa Modiva i odkryj pi\u0119kno naszego pensjonatu. Stylowe wn\u0119trza, malownicze widoki i idealna lokalizacja blisko pla\u017cy w Mi\u0119dzyzdrojach.","breadcrumb":{"@id":"https:\/\/villamodiva.com\/galeria\/#breadcrumb"},"inLanguage":"en-GB","potentialAction":[{"@type":"ReadAction","target":["https:\/\/villamodiva.com\/galeria\/"]}]},{"@type":"BreadcrumbList","@id":"https:\/\/villamodiva.com\/galeria\/#breadcrumb","itemListElement":[{"@type":"ListItem","position":1,"name":"Strona g\u0142\u00f3wna","item":"https:\/\/villamodiva.com\/"},{"@type":"ListItem","position":2,"name":"Galeria"}]},{"@type":"WebSite","@id":"https:\/\/villamodiva.com\/#website","url":"https:\/\/villamodiva.com\/","name":"Villa Modiva","description":"Sztuka wypoczynku","publisher":{"@id":"https:\/\/villamodiva.com\/#organization"},"potentialAction":[{"@type":"SearchAction","target":{"@type":"EntryPoint","urlTemplate":"https:\/\/villamodiva.com\/?s={search_term_string}"},"query-input":{"@type":"PropertyValueSpecification","valueRequired":true,"valueName":"search_term_string"}}],"inLanguage":"en-GB"},{"@type":"Organization","@id":"https:\/\/villamodiva.com\/#organization","name":"Villa Modiva","url":"https:\/\/villamodiva.com\/","logo":{"@type":"ImageObject","inLanguage":"en-GB","@id":"https:\/\/villamodiva.com\/#\/schema\/logo\/image\/","url":"","contentUrl":"","caption":"Villa Modiva"},"image":{"@id":"https:\/\/villamodiva.com\/#\/schema\/logo\/image\/"}}]}},"_links":{"self":[{"href":"https:\/\/villamodiva.com\/en\/wp-json\/wp\/v2\/pages\/16","targetHints":{"allow":["GET"]}}],"collection":[{"href":"https:\/\/villamodiva.com\/en\/wp-json\/wp\/v2\/pages"}],"about":[{"href":"https:\/\/villamodiva.com\/en\/wp-json\/wp\/v2\/types\/page"}],"author":[{"embeddable":true,"href":"https:\/\/villamodiva.com\/en\/wp-json\/wp\/v2\/users\/3"}],"replies":[{"embeddable":true,"href":"https:\/\/villamodiva.com\/en\/wp-json\/wp\/v2\/comments?post=16"}],"version-history":[{"count":51,"href":"https:\/\/villamodiva.com\/en\/wp-json\/wp\/v2\/pages\/16\/revisions"}],"predecessor-version":[{"id":1481,"href":"https:\/\/villamodiva.com\/en\/wp-json\/wp\/v2\/pages\/16\/revisions\/1481"}],"wp:attachment":[{"href":"https:\/\/villamodiva.com\/en\/wp-json\/wp\/v2\/media?parent=16"}],"curies":[{"name":"wp","href":"https:\/\/api.w.org\/{rel}","templated":true}]}}