{"id":20,"date":"2021-12-20T08:27:45","date_gmt":"2021-12-20T07:27:45","guid":{"rendered":"https:\/\/riversea.pl\/?page_id=20"},"modified":"2024-06-27T15:14:38","modified_gmt":"2024-06-27T13:14:38","slug":"kontakt","status":"publish","type":"page","link":"https:\/\/villamodiva.com\/de\/kontakt\/","title":{"rendered":"Kontakt"},"content":{"rendered":"","protected":false},"excerpt":{"rendered":"","protected":false},"author":3,"featured_media":1391,"parent":0,"menu_order":0,"comment_status":"closed","ping_status":"closed","template":"","meta":{"_acf_changed":false,"footnotes":""},"class_list":["post-20","page","type-page","status-publish","has-post-thumbnail","hentry"],"acf":[],"yoast_head":"<!-- This site is optimized with the Yoast SEO plugin v26.8 - https:\/\/yoast.com\/product\/yoast-seo-wordpress\/ -->\n<title>Kontakt z Villa Modiva w Mi\u0119dzyzdrojach<\/title>\n<meta name=\"description\" content=\"Masz pytania dotycz\u0105ce pobytu lub rezerwacji noclegu w Villa Modiva Mi\u0119dzyzdroje? Tutaj znajdziesz telefon, adres email i formularz kontaktowy.\" \/>\n<meta name=\"robots\" content=\"index, follow, max-snippet:-1, max-image-preview:large, max-video-preview:-1\" \/>\n<link rel=\"canonical\" href=\"https:\/\/villamodiva.com\/de\/kontakt\/\" \/>\n<meta property=\"og:locale\" content=\"de_DE\" \/>\n<meta property=\"og:type\" content=\"article\" \/>\n<meta property=\"og:title\" content=\"Kontakt z Villa Modiva w Mi\u0119dzyzdrojach\" \/>\n<meta property=\"og:description\" content=\"Masz pytania dotycz\u0105ce pobytu lub rezerwacji noclegu w Villa Modiva Mi\u0119dzyzdroje? Tutaj znajdziesz telefon, adres email i formularz kontaktowy.\" \/>\n<meta property=\"og:url\" content=\"https:\/\/villamodiva.com\/de\/kontakt\/\" \/>\n<meta property=\"og:site_name\" content=\"Villa Modiva\" \/>\n<meta property=\"article:modified_time\" content=\"2024-06-27T13:14:38+00:00\" \/>\n<meta property=\"og:image\" content=\"https:\/\/villamodiva.com\/wp-content\/uploads\/2024\/06\/IMG_0444.webp\" \/>\n\t<meta property=\"og:image:width\" content=\"1900\" \/>\n\t<meta property=\"og:image:height\" content=\"2533\" \/>\n\t<meta property=\"og:image:type\" content=\"image\/webp\" \/>\n<meta name=\"twitter:card\" content=\"summary_large_image\" \/>\n<meta name=\"twitter:label1\" content=\"Gesch\u00e4tzte Lesezeit\" \/>\n\t<meta name=\"twitter:data1\" content=\"1\u00a0Minute\" \/>\n<script type=\"application\/ld+json\" class=\"yoast-schema-graph\">{\"@context\":\"https:\/\/schema.org\",\"@graph\":[{\"@type\":\"WebPage\",\"@id\":\"https:\/\/villamodiva.com\/kontakt\/\",\"url\":\"https:\/\/villamodiva.com\/kontakt\/\",\"name\":\"Kontakt z Villa Modiva w Mi\u0119dzyzdrojach\",\"isPartOf\":{\"@id\":\"https:\/\/villamodiva.com\/#website\"},\"primaryImageOfPage\":{\"@id\":\"https:\/\/villamodiva.com\/kontakt\/#primaryimage\"},\"image\":{\"@id\":\"https:\/\/villamodiva.com\/kontakt\/#primaryimage\"},\"thumbnailUrl\":\"https:\/\/villamodiva.com\/wp-content\/uploads\/2024\/06\/IMG_0444.webp\",\"datePublished\":\"2021-12-20T07:27:45+00:00\",\"dateModified\":\"2024-06-27T13:14:38+00:00\",\"description\":\"Masz pytania dotycz\u0105ce pobytu lub rezerwacji noclegu w Villa Modiva Mi\u0119dzyzdroje? Tutaj znajdziesz telefon, adres email i formularz kontaktowy.\",\"breadcrumb\":{\"@id\":\"https:\/\/villamodiva.com\/kontakt\/#breadcrumb\"},\"inLanguage\":\"de\",\"potentialAction\":[{\"@type\":\"ReadAction\",\"target\":[\"https:\/\/villamodiva.com\/kontakt\/\"]}]},{\"@type\":\"ImageObject\",\"inLanguage\":\"de\",\"@id\":\"https:\/\/villamodiva.com\/kontakt\/#primaryimage\",\"url\":\"https:\/\/villamodiva.com\/wp-content\/uploads\/2024\/06\/IMG_0444.webp\",\"contentUrl\":\"https:\/\/villamodiva.com\/wp-content\/uploads\/2024\/06\/IMG_0444.webp\",\"width\":1900,\"height\":2533,\"caption\":\"Villa Modiva w Mi\u0119dzyzdrojach\"},{\"@type\":\"BreadcrumbList\",\"@id\":\"https:\/\/villamodiva.com\/kontakt\/#breadcrumb\",\"itemListElement\":[{\"@type\":\"ListItem\",\"position\":1,\"name\":\"Strona g\u0142\u00f3wna\",\"item\":\"https:\/\/villamodiva.com\/\"},{\"@type\":\"ListItem\",\"position\":2,\"name\":\"Kontakt\"}]},{\"@type\":\"WebSite\",\"@id\":\"https:\/\/villamodiva.com\/#website\",\"url\":\"https:\/\/villamodiva.com\/\",\"name\":\"Villa Modiva\",\"description\":\"Sztuka wypoczynku\",\"publisher\":{\"@id\":\"https:\/\/villamodiva.com\/#organization\"},\"potentialAction\":[{\"@type\":\"SearchAction\",\"target\":{\"@type\":\"EntryPoint\",\"urlTemplate\":\"https:\/\/villamodiva.com\/?s={search_term_string}\"},\"query-input\":{\"@type\":\"PropertyValueSpecification\",\"valueRequired\":true,\"valueName\":\"search_term_string\"}}],\"inLanguage\":\"de\"},{\"@type\":\"Organization\",\"@id\":\"https:\/\/villamodiva.com\/#organization\",\"name\":\"Villa Modiva\",\"url\":\"https:\/\/villamodiva.com\/\",\"logo\":{\"@type\":\"ImageObject\",\"inLanguage\":\"de\",\"@id\":\"https:\/\/villamodiva.com\/#\/schema\/logo\/image\/\",\"url\":\"\",\"contentUrl\":\"\",\"caption\":\"Villa Modiva\"},\"image\":{\"@id\":\"https:\/\/villamodiva.com\/#\/schema\/logo\/image\/\"}}]}<\/script>\n<!-- \/ Yoast SEO plugin. -->","yoast_head_json":{"title":"Kontakt z Villa Modiva w Mi\u0119dzyzdrojach","description":"Masz pytania dotycz\u0105ce pobytu lub rezerwacji noclegu w Villa Modiva Mi\u0119dzyzdroje? Tutaj znajdziesz telefon, adres email i formularz kontaktowy.","robots":{"index":"index","follow":"follow","max-snippet":"max-snippet:-1","max-image-preview":"max-image-preview:large","max-video-preview":"max-video-preview:-1"},"canonical":"https:\/\/villamodiva.com\/de\/kontakt\/","og_locale":"de_DE","og_type":"article","og_title":"Kontakt z Villa Modiva w Mi\u0119dzyzdrojach","og_description":"Masz pytania dotycz\u0105ce pobytu lub rezerwacji noclegu w Villa Modiva Mi\u0119dzyzdroje? Tutaj znajdziesz telefon, adres email i formularz kontaktowy.","og_url":"https:\/\/villamodiva.com\/de\/kontakt\/","og_site_name":"Villa Modiva","article_modified_time":"2024-06-27T13:14:38+00:00","og_image":[{"width":1900,"height":2533,"url":"https:\/\/villamodiva.com\/wp-content\/uploads\/2024\/06\/IMG_0444.webp","type":"image\/webp"}],"twitter_card":"summary_large_image","twitter_misc":{"Gesch\u00e4tzte Lesezeit":"1\u00a0Minute"},"schema":{"@context":"https:\/\/schema.org","@graph":[{"@type":"WebPage","@id":"https:\/\/villamodiva.com\/kontakt\/","url":"https:\/\/villamodiva.com\/kontakt\/","name":"Kontakt z Villa Modiva w Mi\u0119dzyzdrojach","isPartOf":{"@id":"https:\/\/villamodiva.com\/#website"},"primaryImageOfPage":{"@id":"https:\/\/villamodiva.com\/kontakt\/#primaryimage"},"image":{"@id":"https:\/\/villamodiva.com\/kontakt\/#primaryimage"},"thumbnailUrl":"https:\/\/villamodiva.com\/wp-content\/uploads\/2024\/06\/IMG_0444.webp","datePublished":"2021-12-20T07:27:45+00:00","dateModified":"2024-06-27T13:14:38+00:00","description":"Masz pytania dotycz\u0105ce pobytu lub rezerwacji noclegu w Villa Modiva Mi\u0119dzyzdroje? Tutaj znajdziesz telefon, adres email i formularz kontaktowy.","breadcrumb":{"@id":"https:\/\/villamodiva.com\/kontakt\/#breadcrumb"},"inLanguage":"de","potentialAction":[{"@type":"ReadAction","target":["https:\/\/villamodiva.com\/kontakt\/"]}]},{"@type":"ImageObject","inLanguage":"de","@id":"https:\/\/villamodiva.com\/kontakt\/#primaryimage","url":"https:\/\/villamodiva.com\/wp-content\/uploads\/2024\/06\/IMG_0444.webp","contentUrl":"https:\/\/villamodiva.com\/wp-content\/uploads\/2024\/06\/IMG_0444.webp","width":1900,"height":2533,"caption":"Villa Modiva w Mi\u0119dzyzdrojach"},{"@type":"BreadcrumbList","@id":"https:\/\/villamodiva.com\/kontakt\/#breadcrumb","itemListElement":[{"@type":"ListItem","position":1,"name":"Strona g\u0142\u00f3wna","item":"https:\/\/villamodiva.com\/"},{"@type":"ListItem","position":2,"name":"Kontakt"}]},{"@type":"WebSite","@id":"https:\/\/villamodiva.com\/#website","url":"https:\/\/villamodiva.com\/","name":"Villa Modiva","description":"Sztuka wypoczynku","publisher":{"@id":"https:\/\/villamodiva.com\/#organization"},"potentialAction":[{"@type":"SearchAction","target":{"@type":"EntryPoint","urlTemplate":"https:\/\/villamodiva.com\/?s={search_term_string}"},"query-input":{"@type":"PropertyValueSpecification","valueRequired":true,"valueName":"search_term_string"}}],"inLanguage":"de"},{"@type":"Organization","@id":"https:\/\/villamodiva.com\/#organization","name":"Villa Modiva","url":"https:\/\/villamodiva.com\/","logo":{"@type":"ImageObject","inLanguage":"de","@id":"https:\/\/villamodiva.com\/#\/schema\/logo\/image\/","url":"","contentUrl":"","caption":"Villa Modiva"},"image":{"@id":"https:\/\/villamodiva.com\/#\/schema\/logo\/image\/"}}]}},"_links":{"self":[{"href":"https:\/\/villamodiva.com\/de\/wp-json\/wp\/v2\/pages\/20","targetHints":{"allow":["GET"]}}],"collection":[{"href":"https:\/\/villamodiva.com\/de\/wp-json\/wp\/v2\/pages"}],"about":[{"href":"https:\/\/villamodiva.com\/de\/wp-json\/wp\/v2\/types\/page"}],"author":[{"embeddable":true,"href":"https:\/\/villamodiva.com\/de\/wp-json\/wp\/v2\/users\/3"}],"replies":[{"embeddable":true,"href":"https:\/\/villamodiva.com\/de\/wp-json\/wp\/v2\/comments?post=20"}],"version-history":[{"count":1,"href":"https:\/\/villamodiva.com\/de\/wp-json\/wp\/v2\/pages\/20\/revisions"}],"predecessor-version":[{"id":21,"href":"https:\/\/villamodiva.com\/de\/wp-json\/wp\/v2\/pages\/20\/revisions\/21"}],"wp:featuredmedia":[{"embeddable":true,"href":"https:\/\/villamodiva.com\/de\/wp-json\/wp\/v2\/media\/1391"}],"wp:attachment":[{"href":"https:\/\/villamodiva.com\/de\/wp-json\/wp\/v2\/media?parent=20"}],"curies":[{"name":"wp","href":"https:\/\/api.w.org\/{rel}","templated":true}]}}